{"id":2,"date":"2014-11-21T04:51:49","date_gmt":"2014-11-21T04:51:49","guid":{"rendered":"http:\/\/localhost\/wordpress-4.0.1\/wordpress\/?page_id=2"},"modified":"2018-05-15T09:49:35","modified_gmt":"2018-05-15T09:49:35","slug":"sample-page","status":"publish","type":"page","link":"https:\/\/kmc-koeln.com\/?page_id=2","title":{"rendered":"Impressum und Haftungsausschluss"},"content":{"rendered":"<p>Verantwortlich gem\u00e4\u00df \u00a7 5 TMG<br \/>\nFrieder Zimmermann<br \/>\nOscar-Wilde-Str.3<br \/>\n50858 K\u00f6ln<\/p>\n<p>Kontakt<br \/>\nE-Mail: kmc@kmc-koeln.com<\/p>\n<p><strong>Anwendungsbereich<\/strong><br \/>\nDiese Seite wendet sich nur an private Nutzer. Eine kommerzielle Nutzung findet nicht statt.<br \/>\nEr dient nur zur Information bisheriger Kunden der kmc-koeln.com .<\/p>\n<p><strong>Haftungsausschluss<\/strong><br \/>\neine Haftung f\u00fcr Sach- und Rechtsm\u00e4ngel der Informationen, Dokumentation, insbesondere f\u00fcr deren Richtigkeit, Fehlerfreiheit, Freiheit von Schutz- und Urheberrechten Dritter ist ausgeschlossen.<br \/>\nObgleich sich der Verfasser stets bem\u00fcht, diesen Blog virenfrei zu halten, garantiert er keine Virenfreiheit. Die Nutzung des Blogs geschieht auf eigene Gefahr.<\/p>\n<p>&nbsp;<\/p>\n<p>&nbsp;<\/p>\n","protected":false},"excerpt":{"rendered":"<p>Verantwortlich gem\u00e4\u00df \u00a7 5 TMG Frieder Zimmermann Oscar-Wilde-Str.3 50858 K\u00f6ln Kontakt E-Mail: kmc@kmc-koeln.com Anwendungsbereich Diese Seite wendet sich nur an private Nutzer. Eine kommerzielle Nutzung findet nicht statt. Er dient nur zur Information bisheriger Kunden der kmc-koeln.com . Haftungsausschluss eine Haftung f\u00fcr Sach- und Rechtsm\u00e4ngel der Informationen, Dokumentation, insbesondere f\u00fcr deren Richtigkeit, Fehlerfreiheit, Freiheit von [&hellip;]<\/p>\n","protected":false},"author":1,"featured_media":0,"parent":0,"menu_order":1,"comment_status":"closed","ping_status":"closed","template":"","meta":[],"_links":{"self":[{"href":"https:\/\/kmc-koeln.com\/index.php?rest_route=\/wp\/v2\/pages\/2"}],"collection":[{"href":"https:\/\/kmc-koeln.com\/index.php?rest_route=\/wp\/v2\/pages"}],"about":[{"href":"https:\/\/kmc-koeln.com\/index.php?rest_route=\/wp\/v2\/types\/page"}],"author":[{"embeddable":true,"href":"https:\/\/kmc-koeln.com\/index.php?rest_route=\/wp\/v2\/users\/1"}],"replies":[{"embeddable":true,"href":"https:\/\/kmc-koeln.com\/index.php?rest_route=%2Fwp%2Fv2%2Fcomments&post=2"}],"version-history":[{"count":3,"href":"https:\/\/kmc-koeln.com\/index.php?rest_route=\/wp\/v2\/pages\/2\/revisions"}],"predecessor-version":[{"id":23,"href":"https:\/\/kmc-koeln.com\/index.php?rest_route=\/wp\/v2\/pages\/2\/revisions\/23"}],"wp:attachment":[{"href":"https:\/\/kmc-koeln.com\/index.php?rest_route=%2Fwp%2Fv2%2Fmedia&parent=2"}],"curies":[{"name":"wp","href":"https:\/\/api.w.org\/{rel}","templated":true}]}}