{"id":16,"date":"2015-02-16T14:37:47","date_gmt":"2015-02-16T14:37:47","guid":{"rendered":"http:\/\/kmc-koeln.com\/?page_id=16"},"modified":"2021-02-06T09:58:42","modified_gmt":"2021-02-06T09:58:42","slug":"kmc-koeln","status":"publish","type":"page","link":"https:\/\/kmc-koeln.com\/","title":{"rendered":"Home"},"content":{"rendered":"<p>Liebe Kunden und Kundinnen von KMC Koeln!<\/p>\n<p>Nach vielen Jahren unserer erfolgreichen T\u00e4tigkeit auf den Gebiet Knowledge Management, Multimedia und Communications haben wir unser Gesch\u00e4ft aus Altersgr\u00fcnden eingestellt. Wir danken Ihnen f\u00fcr die vielen Jahre einer vertrauensvollen Zusammenarbeit.<\/p>\n<p>Alle bekannten e-mail Adressen bleiben aber weiterhin bestehen. Wir freuen uns mit Ihnen in Kontakt zu bleiben!<\/p>\n","protected":false},"excerpt":{"rendered":"<p>Liebe Kunden und Kundinnen von KMC Koeln! Nach vielen Jahren unserer erfolgreichen T\u00e4tigkeit auf den Gebiet Knowledge Management, Multimedia und Communications haben wir unser Gesch\u00e4ft aus Altersgr\u00fcnden eingestellt. Wir danken Ihnen f\u00fcr die vielen Jahre einer vertrauensvollen Zusammenarbeit. Alle bekannten e-mail Adressen bleiben aber weiterhin bestehen. Wir freuen uns mit Ihnen in Kontakt zu bleiben!<\/p>\n","protected":false},"author":1,"featured_media":0,"parent":0,"menu_order":0,"comment_status":"closed","ping_status":"closed","template":"","meta":[],"_links":{"self":[{"href":"https:\/\/kmc-koeln.com\/index.php?rest_route=\/wp\/v2\/pages\/16"}],"collection":[{"href":"https:\/\/kmc-koeln.com\/index.php?rest_route=\/wp\/v2\/pages"}],"about":[{"href":"https:\/\/kmc-koeln.com\/index.php?rest_route=\/wp\/v2\/types\/page"}],"author":[{"embeddable":true,"href":"https:\/\/kmc-koeln.com\/index.php?rest_route=\/wp\/v2\/users\/1"}],"replies":[{"embeddable":true,"href":"https:\/\/kmc-koeln.com\/index.php?rest_route=%2Fwp%2Fv2%2Fcomments&post=16"}],"version-history":[{"count":4,"href":"https:\/\/kmc-koeln.com\/index.php?rest_route=\/wp\/v2\/pages\/16\/revisions"}],"predecessor-version":[{"id":36,"href":"https:\/\/kmc-koeln.com\/index.php?rest_route=\/wp\/v2\/pages\/16\/revisions\/36"}],"wp:attachment":[{"href":"https:\/\/kmc-koeln.com\/index.php?rest_route=%2Fwp%2Fv2%2Fmedia&parent=16"}],"curies":[{"name":"wp","href":"https:\/\/api.w.org\/{rel}","templated":true}]}}